{"id":1686,"date":"2023-09-28T16:11:16","date_gmt":"2023-09-28T16:11:16","guid":{"rendered":"https:\/\/european-naturopathic-congress.com\/?page_id=1686"},"modified":"2025-12-10T10:16:47","modified_gmt":"2025-12-10T10:16:47","slug":"comite-organizador","status":"publish","type":"page","link":"https:\/\/european-naturopathic-congress.com\/index.php\/congress\/comite-organizador\/","title":{"rendered":"Comit\u00e9 Organizador"},"content":{"rendered":"\n<p><strong>COMIT\u00c9 ORGANIZADOR Y COMIT\u00c9 CIENTIFICO DE LA CONFERENCIA EUROPEA DE NATUROPAT\u00cdA:<\/strong><\/p>\n\n\n\n<p class=\"has-text-align-center\"><strong>\u201cNATUROPATIA BASADA EN LA EVIDENCIA NBE\u201d<\/strong><\/p>\n\n\n\n<hr class=\"wp-block-separator has-alpha-channel-opacity\"\/>\n\n\n\n<p class=\"has-text-align-center\"><strong>COMPOSICI\u00d3N Y FUNCIONES<\/strong><\/p>\n\n\n\n<p><strong><em>COMIT\u00c9 ORGANIZADOR<\/em><\/strong><strong><em><\/em><\/strong><\/p>\n\n\n\n<p><strong>Composici\u00f3n<\/strong><\/p>\n\n\n\n<p>El Comit\u00e9 Organizador de la Conferencia Europea de Naturopat\u00eda: \u201cNaturopat\u00eda Basada en la Evidencia NBE\u201d est\u00e1 compuesto por los siguientes miembros:<\/p>\n\n\n\n<ul class=\"wp-block-list\">\n<li>La Presidencia del Comit\u00e9 Organizador estar\u00e1 a cargo de la Presidencia de la Entidad Profesional Naturop\u00e1tica organizadora del evento, o en su caso, en qui\u00e9n delegue.<\/li>\n\n\n\n<li>Un Profesional Natur\u00f3pata, miembro de la Junta Directiva, o asimilado, de las Entidades Profesionales Naturop\u00e1ticas miembros del Comit\u00e9 Europeo de la Profesi\u00f3n Naturop\u00e1tica.<\/li>\n\n\n\n<li>La Presidencia del Comit\u00e9 Cient\u00edfico<\/li>\n<\/ul>\n\n\n\n<p>Todos los miembros del Comit\u00e9 Organizador ser\u00e1n miembros de la Entidades Profesionales Naturop\u00e1ticas miembros del Comit\u00e9 Europeo de la Profesi\u00f3n Naturop\u00e1tica.<\/p>\n\n\n\n<p><strong>Funciones<\/strong><\/p>\n\n\n\n<p>1.&nbsp; Aprobar el presupuesto general de las distintas actividades a realizar, donde consten detallados los ingresos y gastos previstos en sus diferentes conceptos.<\/p>\n\n\n\n<p>2. Fijar el precio de las inscripciones, en su caso.<\/p>\n\n\n\n<p>3. Aprobar la estructura final de la Conferencia Europea de Naturopat\u00eda: \u201cNaturopat\u00eda Basada en la Evidencia NBE\u201d, en sus aspectos cient\u00edficos y organizativos (vocales, d\u00edas, horarios, distribuci\u00f3n de aulas (si es presencial o hibrido) estructuraci\u00f3n del material virtual, situaci\u00f3n de las exhibiciones, relaciones institucionales, actos protocolarios y sociales).<\/p>\n\n\n\n<p>4. Velar para que en la Conferencia Europea de Naturopat\u00eda: \u201cNaturopat\u00eda Basada en la Evidencia NBE\u201d se incluya cualquier avance relevante y novedoso en el campo de la Naturopat\u00eda. Son garantes de esta tarea la Presidencia del Comit\u00e9 Organizador y la Presidencia del Comit\u00e9 Cient\u00edfico.<\/p>\n\n\n\n<p>5. Contratar los servicios necesarios que considere necesarios.<\/p>\n\n\n\n<p>6. Nombrar al Comit\u00e9 de Honor de la Conferencia Europea de Naturopat\u00eda: \u201cNaturopat\u00eda Basada en la Evidencia NBE\u201d. Para esta labor debe recabar informaci\u00f3n pertinente.<\/p>\n\n\n\n<p>7. Invitar a aquellas personalidades de prestigio nacional e internacional que considere oportuno para fomentar el intercambio de conocimientos con otras entidades profesionales y pa\u00edses.<\/p>\n\n\n\n<p>8. Invitar a las personas y\/o entidades que se considere oportuno para participar en los eventos protocolarios.<\/p>\n\n\n\n<p>9. Promover la asistencia a la Conferencia Europea de Naturopat\u00eda: \u201cNaturopat\u00eda Basada en la Evidencia NBE\u201d mediante la difusi\u00f3n de los temas y actividades principales del mismo entre los miembros de la Federaci\u00f3n Mundial de Naturopat\u00eda, Comit\u00e9 Europeo de la Profesi\u00f3n Naturop\u00e1tica, Foro Hispanoamericano de la Naturopat\u00eda, estudiantes, empresas del sector, academias, profesionales del sector relacionadas, nacionales y extranjeras.<\/p>\n\n\n\n<p>10. Coordinar la informaci\u00f3n que se env\u00eda a los Profesionales Natur\u00f3patas y a otras bases de datos relacionadas. Esta informaci\u00f3n incluir\u00e1 aspectos relacionados con las caracter\u00edsticas de la Conferencia Europea de Naturopat\u00eda: \u201cNaturopat\u00eda Basada en la Evidencia NBE\u201d, su estructura cient\u00edfica, sus temas principales, las cuotas de inscripci\u00f3n, ofertas de viajes y hoteles, y actos sociales.<\/p>\n\n\n\n<p>11. Fomentar la realizaci\u00f3n de actividades conjuntas y comunes con otras entidades nacionales e internacionales relacionadas con la Naturopat\u00eda.<\/p>\n\n\n\n<p>12. Supervisar la idoneidad, la calidad y el atractivo de las Exhibiciones T\u00e9cnicas. Esta tarea la coordinar\u00e1n.<\/p>\n\n\n\n<p>13. Definir y adecuar los modelos de notificaciones, normas para el env\u00edo de comunicaciones y otros formatos relacionados.<\/p>\n\n\n\n<p>14. Atender en la Conferencia Europea de Naturopat\u00eda: \u201cNaturopat\u00eda Basada en la Evidencia NBE\u201d cuantas incidencias surjan durante el mismo.<\/p>\n\n\n\n<p>15. Utilizar para la preparaci\u00f3n de la Conferencia Europea de Naturopat\u00eda: \u201cNaturopat\u00eda Basada en la Evidencia NBE\u201d y durante el mismo todos los recursos electr\u00f3nicos, de Internet y de prensa disponibles para una mejor difusi\u00f3n de la informaci\u00f3n contenida em el Evento NBE.<\/p>\n\n\n\n<p>16. Adecuar el espacio en el programa de los Congresos para la entrega de los Premios Profesionales y otras Menciones Profesionales,<\/p>\n\n\n\n<p>17. Aprobar la memoria final de la Conferencia Europea de Naturopat\u00eda: \u201cNaturopat\u00eda Basada en la Evidencia NBE\u201d presentada por el Comit\u00e9 Cient\u00edfico. Esta memoria incluir\u00e1 un apartado de valoraci\u00f3n por parte de las Entidades Profesionales Naturop\u00e1ticas miembros del Comit\u00e9 Europeo de la Profesi\u00f3n Naturop\u00e1tica.<\/p>\n\n\n\n<p>18. Supervisar la gesti\u00f3n de las inscripciones realizadas (recibos, confirmaci\u00f3n de inscripciones y reservas hoteleras, gesti\u00f3n de invitaciones).<\/p>\n\n\n\n<p>19. Aprobar el balance econ\u00f3mico final dentro de los dos meses siguientes a la terminaci\u00f3n del la Conferencia Europea de Naturopat\u00eda: \u201cNaturopat\u00eda Basada en la Evidencia NBE\u201d.<\/p>\n\n\n\n<p>20. Aquellas otras funciones que se consideren necesarias para la organizaci\u00f3n adecuada de la Conferencia Europea de Naturopat\u00eda: \u201cNaturopat\u00eda Basada en la Evidencia NBE\u201d y no sean competencia espec\u00edfica de otros Comit\u00e9s.<\/p>\n\n\n\n<p><strong><em>COMIT\u00c9 CIENT\u00cdFICO<\/em><\/strong><strong><em><\/em><\/strong><\/p>\n\n\n\n<p><strong>Composici\u00f3n<\/strong><\/p>\n\n\n\n<ul class=\"wp-block-list\">\n<li>La Presidencia del Comit\u00e9 Cient\u00edfico estar\u00e1 a cargo de un Profesional Natur\u00f3pata Colegiado que ostente el cargo, o coordine, alguno de los Comit\u00e9s Cient\u00edficos de las Entidades Profesionales Naturop\u00e1ticas, miembros del Comit\u00e9 Europeo de la Profesi\u00f3n Naturop\u00e1tica<\/li>\n\n\n\n<li>Vicepresidencia del Comit\u00e9 Cient\u00edfico<\/li>\n\n\n\n<li>Secretar\u00eda del Comit\u00e9 Cient\u00edfico<\/li>\n\n\n\n<li>Vocales para cada una de las \u00e1reas de conocimientos espec\u00edfica que se considere. Para apoyar a los Vocales, cada vocal\u00eda tendr\u00e1 entre dos y seis componentes, de acuerdo a su carga de trabajo esperada.<\/li>\n\n\n\n<li>Un representante de la Junta de Gobierno de las Entidades Profesionales Naturop\u00e1ticas, miembros del Comit\u00e9 Europeo de la Profesi\u00f3n Naturop\u00e1tica.<\/li>\n<\/ul>\n\n\n\n<p><strong>Funcionamiento<\/strong><\/p>\n\n\n\n<p>1. El Comit\u00e9 Cient\u00edfico debe procurar tener una composici\u00f3n equilibrada, conforme a las distintos pa\u00edses &nbsp;y \u00e1reas de conocimiento, manteniendo la idoneidad cient\u00edfica de sus miembros.<\/p>\n\n\n\n<p>2. Todos los miembros del Comit\u00e9 Cient\u00edfico ser\u00e1n miembros de las Entidades Profesionales Naturop\u00e1ticas, miembros del Comit\u00e9 Europeo de la Profesi\u00f3n Naturop\u00e1tica<\/p>\n\n\n\n<p>4. La Presidencia del Comit\u00e9 Cient\u00edfico elegir\u00e1 los nombramientos para Vicepresidencia, Secretaria, Vocal\u00edas y Coordinadores de este Comit\u00e9, previo consenso.<\/p>\n\n\n\n<p>5. Para la selecci\u00f3n de las Vocal\u00edas, la Presidencia del Comit\u00e9 Cient\u00edfico debe solicitar a las Secciones Colegiales de Naturopat\u00eda, que correspondan, al menos tres posibles candidatos. Las Vocal\u00edas del Comit\u00e9 Cient\u00edfico responder\u00e1n de su actividad s\u00f3lo ante el Comit\u00e9 Organizador del Congreso.<\/p>\n\n\n\n<p>6. Los Vocal\u00edas del Comit\u00e9 Cient\u00edfico deben solicitar a la Presidencia del Comit\u00e9 Cient\u00edfico la aprobaci\u00f3n de los miembros que constituir\u00e1n las Vocal\u00edas.<\/p>\n\n\n\n<p>7. La composici\u00f3n final del Comit\u00e9 Cient\u00edfico ser\u00e1 aprobada por la Presidencia del Comit\u00e9 Cient\u00edfico.<\/p>\n\n\n\n<p>8. El Comit\u00e9 Cient\u00edfico dispondr\u00e1 de un espacio en la sede congresual en presencia o hibrido.<\/p>\n\n\n\n<p>9. La Presidencia del Comit\u00e9 Cient\u00edfico formar\u00e1 parte, junto con la Presidencia del Comit\u00e9 Organizador del n\u00facleo central del comit\u00e9 que se encargar\u00e1 de supervisar el trabajo de todas las actividades relacionadas con la Conferencia Europea de Naturopat\u00eda: \u201cNaturopat\u00eda Basada en la Evidencia NBE\u201d .<\/p>\n\n\n\n<p>10. Todos los miembros del Comit\u00e9 Cient\u00edfico informar\u00e1n peri\u00f3dicamente a la Presidencia del Comit\u00e9 Cient\u00edfico de las cuestiones referentes a la marcha de sus responsabilidades<\/p>\n\n\n\n<p>11. El Comit\u00e9 Cient\u00edfico completo se reunir\u00e1 un m\u00e1ximo de tres veces: Una primera reuni\u00f3n tras su constituci\u00f3n; una segunda reuni\u00f3n con las comunicaciones cient\u00edficas ya evaluadas; y una tercera reuni\u00f3n al finalizar la actividad congresual para finalizar y entregar la memoria.<\/p>\n\n\n\n<p><strong>Competencias<\/strong><\/p>\n\n\n\n<p>1. Proponer la estructura cient\u00edfica y la distribuci\u00f3n de espacios al Comit\u00e9 Organizador para su aprobaci\u00f3n. La Presidencia del Comit\u00e9 Cient\u00edfico tendr\u00e1 la m\u00e1xima responsabilidad de las actividades cient\u00edficas y su distribuci\u00f3n en la Conferencia Europea de Naturopat\u00eda: \u201cNaturopat\u00eda Basada en la Evidencia NBE\u201d Congreso.<\/p>\n\n\n\n<p>2.&nbsp; Estructurar las actividades para que existan actos plenarios y sesiones espec\u00edficas. Los Actos Inaugurales, Las Actividades Formativas Precongresulaes, las Actividades Formativas Monogr\u00e1ficas y la Sesi\u00f3n de Lecturas de Procesos de Salud son actividades plenarias. Las vocal\u00edas organizadas por \u00e1reas o m\u00f3dulos tecnol\u00f3gicos Naturop\u00e1ticos o de organizaci\u00f3n de la actividad Naturop\u00e1tica concreta constituyen l\u00edneas espec\u00edficas. Debe evitarse siempre el solapamiento cient\u00edfico entre las vocal\u00edas.<\/p>\n\n\n\n<p>3. Distribuir el tiempo y los espacios f\u00edsicos para las actividades cient\u00edficas comunes y las propias de las diferentes \u00e1reas de conocimiento.<\/p>\n\n\n\n<p>4. Seleccionar las ponencias invitadas y calificar y distribuir los trabajos cient\u00edficos aceptados para su publicaci\u00f3n en el programa cient\u00edfico. Para la evaluaci\u00f3n de las comunicaciones se seguir\u00e1 un sistema fiable de revisi\u00f3n de res\u00famenes cient\u00edficos.<\/p>\n\n\n\n<p>5. Fomentar sesiones mixtas con cient\u00edficos y profesionales de otras materias en entornos multidisciplinares.<\/p>\n\n\n\n<p>6. Coordinar con el Comit\u00e9 Organizador la informaci\u00f3n que se env\u00eda a los Profesionales Natur\u00f3patas y otras bases de datos relacionadas (caracter\u00edsticas del Evento NBE, estructura, cuotas de inscripci\u00f3n, conceptos que incluyen las diferentes cuotas, ofertas de viaje y hoteles, actos sociales). Esta informaci\u00f3n debe difundirse con suficiente antelaci\u00f3n y reiteradamente.<\/p>\n\n\n\n<p>8. Informar a todos los Profesionales Natur\u00f3patas y Entidades Profesionales Nturop\u00e1ticas miembros&nbsp; de la federaci\u00f3n Mundial de Naturopat\u00eda, del Comit\u00e9 Europeo de la Profesi\u00f3n Naturop\u00e1tica, del Foro Hispanoamericano de Naturopat\u00eda y otros, con la suficiente antelaci\u00f3n y de forma reiterada, a trav\u00e9s de todos los medios disponibles de difusi\u00f3n (web, redes sociales, blog, email\u2026), sobre las normas para el env\u00edo de trabajos y comunicaciones, as\u00ed como los plazos de recepci\u00f3n y evaluaci\u00f3n de las mismas.<\/p>\n\n\n\n<p>9. Elaborar una memoria final, sobre el desarrollo de la Conferencia Europea de Naturopat\u00eda: \u201cNaturopat\u00eda Basada en la Evidencia NBE\u201d (aspectos organizativos, estad\u00edsticas, control de calidad, problem\u00e1ticas, sugerencias).<\/p>\n\n\n\n<p>10. Velar por la calidad de las publicaciones. El formato y las caracter\u00edsticas de estas publicaciones es responsabilidad final del Comit\u00e9 Organizador.<\/p>\n\n\n\n<p>11. Premiar los trabajos cient\u00edficos presentados en la Conferencia Europea de Naturopat\u00eda: \u201cNaturopat\u00eda Basada en la Evidencia NBE\u201d &nbsp;que considere.<\/p>\n\n\n\n<p>12. Aquellas otras funciones que, aunque no est\u00e9n referidas en este bloque, lo sean en otros apartados de este reglamento.<\/p>\n\n\n\n<p>13. Las Actividades Cient\u00edficas se estructurar\u00e1n principalmente en los siguientes apartados:<\/p>\n\n\n\n<p>13.1. Actividad Formativa Precongreso<\/p>\n\n\n\n<p>13.2. Actividad Formativa Monogr\u00e1fica<\/p>\n\n\n\n<p>13.3. Actividades de Formaci\u00f3n Continuada<\/p>\n\n\n\n<p>13.4. Actividades Formativas de Actualizaci\u00f3n<\/p>\n\n\n\n<p>13.5. Mesas Redondas y Debates<\/p>\n\n\n\n<p>13.6. Comunicaciones Cient\u00edficas Orales<\/p>\n\n\n\n<p>13.7. Trabajos cient\u00edficos tipo p\u00f3ster<\/p>\n\n\n\n<p>13.8. Trabajos educativos tipo p\u00f3ster<\/p>\n\n\n\n<p>13.9. Talleres Pr\u00e1cticos<\/p>\n\n\n\n<p>13.10. Sesiones Pr\u00e1cticas<\/p>\n\n\n\n<p>13.11. Sesi\u00f3n de Lectura de Procesos de Salud<\/p>\n\n\n\n<p>14. Las presentaciones de las Comunicaciones Cient\u00edficas orales se realizar\u00e1n junto con Actividades de Formaci\u00f3n Continuada y las Actividades Formativas de Actualizaci\u00f3n para fomentar la asistencia y garantizar la mejor moderaci\u00f3n.<\/p>\n\n\n\n<p>15. Se establecer\u00e1n Premios a las mejores actividades cient\u00edficas.<\/p>\n\n\n\n<p>16. Nombrar a los moderadores de las sesiones y actos cient\u00edficos. En todas las sesiones deber\u00e1 haber dos moderadores. Debe darse preferencia en el nombramiento de los moderadores a los ponentes invitados. La tarea de los moderadores es presentar la sesi\u00f3n, dirigirla y dinamizarla. Al final de la sesi\u00f3n deber\u00e1n realizar una evaluaci\u00f3n de la misma y calificar las Comunicaciones Orales si las hubiera. Deber\u00e1n tambi\u00e9n notificar los cambios en las presentaciones y las ausencias. Su labor de moderaci\u00f3n deber\u00e1 ajustarse a las instrucciones de la gu\u00eda dise\u00f1ada para el congreso.<\/p>\n","protected":false},"excerpt":{"rendered":"<p>COMIT\u00c9 ORGANIZADOR Y COMIT\u00c9 CIENTIFICO DE LA CONFERENCIA EUROPEA DE NATUROPAT\u00cdA: \u201cNATUROPATIA BASADA EN LA EVIDENCIA NBE\u201d COMPOSICI\u00d3N Y FUNCIONES [&hellip;]<\/p>\n","protected":false},"author":1,"featured_media":0,"parent":348,"menu_order":0,"comment_status":"closed","ping_status":"closed","template":"","meta":{"site-sidebar-layout":"default","site-content-layout":"","ast-site-content-layout":"","site-content-style":"default","site-sidebar-style":"default","ast-global-header-display":"","ast-banner-title-visibility":"","ast-main-header-display":"","ast-hfb-above-header-display":"","ast-hfb-below-header-display":"","ast-hfb-mobile-header-display":"","site-post-title":"","ast-breadcrumbs-content":"","ast-featured-img":"","footer-sml-layout":"","theme-transparent-header-meta":"","adv-header-id-meta":"","stick-header-meta":"","header-above-stick-meta":"","header-main-stick-meta":"","header-below-stick-meta":"","astra-migrate-meta-layouts":"default","ast-page-background-enabled":"default","ast-page-background-meta":{"desktop":{"background-color":"var(--ast-global-color-5)","background-image":"","background-repeat":"repeat","background-position":"center center","background-size":"auto","background-attachment":"scroll","background-type":"","background-media":"","overlay-type":"","overlay-color":"","overlay-opacity":"","overlay-gradient":""},"tablet":{"background-color":"","background-image":"","background-repeat":"repeat","background-position":"center center","background-size":"auto","background-attachment":"scroll","background-type":"","background-media":"","overlay-type":"","overlay-color":"","overlay-opacity":"","overlay-gradient":""},"mobile":{"background-color":"","background-image":"","background-repeat":"repeat","background-position":"center center","background-size":"auto","background-attachment":"scroll","background-type":"","background-media":"","overlay-type":"","overlay-color":"","overlay-opacity":"","overlay-gradient":""}},"ast-content-background-meta":{"desktop":{"background-color":"var(--ast-global-color-4)","background-image":"","background-repeat":"repeat","background-position":"center center","background-size":"auto","background-attachment":"scroll","background-type":"","background-media":"","overlay-type":"","overlay-color":"","overlay-opacity":"","overlay-gradient":""},"tablet":{"background-color":"var(--ast-global-color-4)","background-image":"","background-repeat":"repeat","background-position":"center center","background-size":"auto","background-attachment":"scroll","background-type":"","background-media":"","overlay-type":"","overlay-color":"","overlay-opacity":"","overlay-gradient":""},"mobile":{"background-color":"var(--ast-global-color-4)","background-image":"","background-repeat":"repeat","background-position":"center center","background-size":"auto","background-attachment":"scroll","background-type":"","background-media":"","overlay-type":"","overlay-color":"","overlay-opacity":"","overlay-gradient":""}},"footnotes":""},"class_list":["post-1686","page","type-page","status-publish","hentry"],"_links":{"self":[{"href":"https:\/\/european-naturopathic-congress.com\/index.php\/wp-json\/wp\/v2\/pages\/1686","targetHints":{"allow":["GET"]}}],"collection":[{"href":"https:\/\/european-naturopathic-congress.com\/index.php\/wp-json\/wp\/v2\/pages"}],"about":[{"href":"https:\/\/european-naturopathic-congress.com\/index.php\/wp-json\/wp\/v2\/types\/page"}],"author":[{"embeddable":true,"href":"https:\/\/european-naturopathic-congress.com\/index.php\/wp-json\/wp\/v2\/users\/1"}],"replies":[{"embeddable":true,"href":"https:\/\/european-naturopathic-congress.com\/index.php\/wp-json\/wp\/v2\/comments?post=1686"}],"version-history":[{"count":1,"href":"https:\/\/european-naturopathic-congress.com\/index.php\/wp-json\/wp\/v2\/pages\/1686\/revisions"}],"predecessor-version":[{"id":1688,"href":"https:\/\/european-naturopathic-congress.com\/index.php\/wp-json\/wp\/v2\/pages\/1686\/revisions\/1688"}],"up":[{"embeddable":true,"href":"https:\/\/european-naturopathic-congress.com\/index.php\/wp-json\/wp\/v2\/pages\/348"}],"wp:attachment":[{"href":"https:\/\/european-naturopathic-congress.com\/index.php\/wp-json\/wp\/v2\/media?parent=1686"}],"curies":[{"name":"wp","href":"https:\/\/api.w.org\/{rel}","templated":true}]}}