{"id":348,"date":"2022-12-02T12:53:52","date_gmt":"2022-12-02T12:53:52","guid":{"rendered":"https:\/\/european-naturopathic-congress.com\/?page_id=348"},"modified":"2025-12-10T09:05:41","modified_gmt":"2025-12-10T09:05:41","slug":"congress","status":"publish","type":"page","link":"https:\/\/european-naturopathic-congress.com\/index.php\/congress\/","title":{"rendered":"Congresos"},"content":{"rendered":"\t\t<div data-elementor-type=\"wp-page\" data-elementor-id=\"348\" class=\"elementor elementor-348\">\n\t\t\t\t<div class=\"elementor-element elementor-element-bb8799c e-flex e-con-boxed e-con e-parent\" data-id=\"bb8799c\" data-element_type=\"container\">\n\t\t\t\t\t<div class=\"e-con-inner\">\n\t\t<div class=\"elementor-element elementor-element-08bbef1 e-con-full e-flex e-con e-child\" data-id=\"08bbef1\" data-element_type=\"container\">\n\t\t\t\t<div class=\"elementor-element elementor-element-c05d671 elementor-widget elementor-widget-image\" data-id=\"c05d671\" data-element_type=\"widget\" data-widget_type=\"image.default\">\n\t\t\t\t<div class=\"elementor-widget-container\">\n\t\t\t\t\t\t\t\t\t\t\t\t\t\t\t<img fetchpriority=\"high\" decoding=\"async\" width=\"300\" height=\"230\" src=\"https:\/\/european-naturopathic-congress.com\/wp-content\/uploads\/2023\/12\/Captura-de-pantalla-2023-12-13-113951-300x230.png\" class=\"attachment-medium size-medium wp-image-5297\" alt=\"\" srcset=\"https:\/\/european-naturopathic-congress.com\/wp-content\/uploads\/2023\/12\/Captura-de-pantalla-2023-12-13-113951-300x230.png 300w, https:\/\/european-naturopathic-congress.com\/wp-content\/uploads\/2023\/12\/Captura-de-pantalla-2023-12-13-113951-768x589.png 768w, https:\/\/european-naturopathic-congress.com\/wp-content\/uploads\/2023\/12\/Captura-de-pantalla-2023-12-13-113951.png 787w\" sizes=\"(max-width: 300px) 100vw, 300px\" \/>\t\t\t\t\t\t\t\t\t\t\t\t\t\t\t<\/div>\n\t\t\t\t<\/div>\n\t\t\t\t<\/div>\n\t\t<div class=\"elementor-element elementor-element-ba86ee1 e-con-full e-flex e-con e-child\" data-id=\"ba86ee1\" data-element_type=\"container\">\n\t\t\t\t<div class=\"elementor-element elementor-element-a3b7e99 elementor-widget elementor-widget-image\" data-id=\"a3b7e99\" data-element_type=\"widget\" data-widget_type=\"image.default\">\n\t\t\t\t<div class=\"elementor-widget-container\">\n\t\t\t\t\t\t\t\t\t\t\t\t\t\t\t<img decoding=\"async\" width=\"300\" height=\"220\" src=\"https:\/\/european-naturopathic-congress.com\/wp-content\/uploads\/2023\/12\/Captura-de-pantalla-2023-12-13-115426-300x220.png\" class=\"attachment-medium size-medium wp-image-5302\" alt=\"\" srcset=\"https:\/\/european-naturopathic-congress.com\/wp-content\/uploads\/2023\/12\/Captura-de-pantalla-2023-12-13-115426-300x220.png 300w, https:\/\/european-naturopathic-congress.com\/wp-content\/uploads\/2023\/12\/Captura-de-pantalla-2023-12-13-115426.png 709w\" sizes=\"(max-width: 300px) 100vw, 300px\" \/>\t\t\t\t\t\t\t\t\t\t\t\t\t\t\t<\/div>\n\t\t\t\t<\/div>\n\t\t\t\t<\/div>\n\t\t<div class=\"elementor-element elementor-element-25de9b2 e-con-full e-flex e-con e-child\" data-id=\"25de9b2\" data-element_type=\"container\">\n\t\t\t\t<div class=\"elementor-element elementor-element-87014a4 elementor-widget elementor-widget-image\" data-id=\"87014a4\" data-element_type=\"widget\" data-widget_type=\"image.default\">\n\t\t\t\t<div class=\"elementor-widget-container\">\n\t\t\t\t\t\t\t\t\t\t\t\t\t\t\t<img decoding=\"async\" width=\"300\" height=\"300\" src=\"https:\/\/european-naturopathic-congress.com\/wp-content\/uploads\/2023\/12\/1-300x300.png\" class=\"attachment-medium size-medium wp-image-5296\" alt=\"\" srcset=\"https:\/\/european-naturopathic-congress.com\/wp-content\/uploads\/2023\/12\/1-300x300.png 300w, https:\/\/european-naturopathic-congress.com\/wp-content\/uploads\/2023\/12\/1-1024x1024.png 1024w, https:\/\/european-naturopathic-congress.com\/wp-content\/uploads\/2023\/12\/1-150x150.png 150w, https:\/\/european-naturopathic-congress.com\/wp-content\/uploads\/2023\/12\/1-768x768.png 768w, https:\/\/european-naturopathic-congress.com\/wp-content\/uploads\/2023\/12\/1.png 1080w\" sizes=\"(max-width: 300px) 100vw, 300px\" \/>\t\t\t\t\t\t\t\t\t\t\t\t\t\t\t<\/div>\n\t\t\t\t<\/div>\n\t\t\t\t<\/div>\n\t\t<div class=\"elementor-element elementor-element-7baa0dc e-con-full e-flex e-con e-child\" data-id=\"7baa0dc\" data-element_type=\"container\">\n\t\t\t\t<div class=\"elementor-element elementor-element-587964c elementor-widget elementor-widget-image\" data-id=\"587964c\" data-element_type=\"widget\" data-widget_type=\"image.default\">\n\t\t\t\t<div class=\"elementor-widget-container\">\n\t\t\t\t\t\t\t\t\t\t\t\t\t\t\t<img decoding=\"async\" src=\"https:\/\/european-naturopathic-congress.com\/wp-content\/uploads\/2023\/12\/VI-Congreso-Iberico-de-Naturopatia-4.png\" title=\"\" alt=\"\" loading=\"lazy\" \/>\t\t\t\t\t\t\t\t\t\t\t\t\t\t\t<\/div>\n\t\t\t\t<\/div>\n\t\t\t\t<\/div>\n\t\t<div class=\"elementor-element elementor-element-1223bc9 e-con-full e-flex e-con e-child\" data-id=\"1223bc9\" data-element_type=\"container\">\n\t\t\t\t<div class=\"elementor-element elementor-element-e367938 elementor-widget elementor-widget-image\" data-id=\"e367938\" data-element_type=\"widget\" data-widget_type=\"image.default\">\n\t\t\t\t<div class=\"elementor-widget-container\">\n\t\t\t\t\t\t\t\t\t\t\t\t\t\t\t<img loading=\"lazy\" decoding=\"async\" width=\"1024\" height=\"347\" src=\"https:\/\/european-naturopathic-congress.com\/wp-content\/uploads\/2025\/07\/VI-Congreso-Europeo-1024x347.png\" class=\"attachment-large size-large wp-image-60893\" alt=\"\" srcset=\"https:\/\/european-naturopathic-congress.com\/wp-content\/uploads\/2025\/07\/VI-Congreso-Europeo-1024x347.png 1024w, https:\/\/european-naturopathic-congress.com\/wp-content\/uploads\/2025\/07\/VI-Congreso-Europeo-300x102.png 300w, https:\/\/european-naturopathic-congress.com\/wp-content\/uploads\/2025\/07\/VI-Congreso-Europeo-768x260.png 768w, https:\/\/european-naturopathic-congress.com\/wp-content\/uploads\/2025\/07\/VI-Congreso-Europeo-1536x520.png 1536w, https:\/\/european-naturopathic-congress.com\/wp-content\/uploads\/2025\/07\/VI-Congreso-Europeo.png 1920w\" sizes=\"(max-width: 1024px) 100vw, 1024px\" \/>\t\t\t\t\t\t\t\t\t\t\t\t\t\t\t<\/div>\n\t\t\t\t<\/div>\n\t\t\t\t<\/div>\n\t\t\t\t\t<\/div>\n\t\t\t\t<\/div>\n\t\t<div class=\"elementor-element elementor-element-ebdde91 e-flex e-con-boxed e-con e-parent\" data-id=\"ebdde91\" data-element_type=\"container\">\n\t\t\t\t\t<div class=\"e-con-inner\">\n\t\t<div class=\"elementor-element elementor-element-6e1894f e-con-full e-flex e-con e-child\" data-id=\"6e1894f\" data-element_type=\"container\">\n\t\t\t\t<div class=\"elementor-element elementor-element-333b04b elementor-widget elementor-widget-text-editor\" data-id=\"333b04b\" data-element_type=\"widget\" data-widget_type=\"text-editor.default\">\n\t\t\t\t<div class=\"elementor-widget-container\">\n\t\t\t\t\t\t\t\t\t<p class=\"has-text-align-center\">Congreso Europeo de Naturopat\u00eda<\/p><p class=\"has-text-align-center\">Europ\u00e4ischer Kongress f\u00fcr Naturheilkunde<\/p><p class=\"has-text-align-center\">European Naturopathy Congress<\/p><p class=\"has-text-align-center\">Congr\u00e8s Europ\u00e9en de Naturopathie<\/p><p class=\"has-text-align-center\"><span style=\"font-style: inherit; font-weight: inherit;\">Congresso Europeo di Naturopatia<\/span><\/p><p class=\"has-text-align-center\">Congresso Europeu de Naturopatia<\/p><p class=\"has-text-align-center\">\u00a0<\/p>\t\t\t\t\t\t\t\t<\/div>\n\t\t\t\t<\/div>\n\t\t\t\t<\/div>\n\t\t<div class=\"elementor-element elementor-element-525de1a e-con-full e-flex e-con e-child\" data-id=\"525de1a\" data-element_type=\"container\">\n\t\t\t\t<div class=\"elementor-element elementor-element-835a804 elementor-widget elementor-widget-text-editor\" data-id=\"835a804\" data-element_type=\"widget\" data-widget_type=\"text-editor.default\">\n\t\t\t\t<div class=\"elementor-widget-container\">\n\t\t\t\t\t\t\t\t\t<p class=\"has-text-align-center\">Europees Natuurgeneeskundig Congres<\/p><p class=\"has-text-align-center\">\u0415\u0432\u0440\u043e\u043f\u0435\u0439\u0441\u043a\u0438 K\u043e\u043d\u0433\u0440\u0435\u0441 \u043f\u043e H\u0430\u0442\u0443\u0440\u043e\u043f\u0430\u0442\u0438\u044f<\/p><p class=\"has-text-align-center\">Evropsk\u00fd Kongres Naturopatie<\/p><p class=\"has-text-align-center\">Eur\u00f3psky Kongres Naturopatie<\/p><p class=\"has-text-align-center\"><span style=\"font-style: inherit; font-weight: inherit;\">Evropski Kongres Naturopatije<\/span><\/p><p class=\"has-text-align-center\">Europski Kongres Naturopatije<\/p><p class=\"has-text-align-center\">Europ\u00e6isk Kongres for Naturopati<\/p><p class=\"has-text-align-center\">\u00a0<\/p>\t\t\t\t\t\t\t\t<\/div>\n\t\t\t\t<\/div>\n\t\t\t\t<\/div>\n\t\t<div class=\"elementor-element elementor-element-9d763f4 e-con-full e-flex e-con e-child\" data-id=\"9d763f4\" data-element_type=\"container\">\n\t\t\t\t<div class=\"elementor-element elementor-element-9f1680b elementor-widget elementor-widget-text-editor\" data-id=\"9f1680b\" data-element_type=\"widget\" data-widget_type=\"text-editor.default\">\n\t\t\t\t<div class=\"elementor-widget-container\">\n\t\t\t\t\t\t\t\t\t<p class=\"has-text-align-center\">Evropski Kongres Naturopatije<\/p><p class=\"has-text-align-center\">Europejski Kongres Naturopatyczny<\/p><p class=\"has-text-align-center\">Congresul European de Naturopatie<\/p><p class=\"has-text-align-center\">\u0415\u0432\u0440\u043e\u043f\u0435\u0439\u0441\u043a\u0438\u0439 K\u043e\u043d\u0433\u0440\u0435\u0441\u0441 \u043f\u043e N\u0430\u0442\u0443\u0440\u043e\u043f\u0430\u0442\u0438\u0438<\/p><p class=\"has-text-align-center\">Avrupa Naturopati Kongresi<\/p><p class=\"has-text-align-center\">\u0404\u0432\u0440\u043e\u043f\u0435\u0439\u0441\u044c\u043a\u0438\u0439 K\u043e\u043d\u0433\u0440\u0435\u0441 \u0437 N\u0430\u0442\u0443\u0440\u043e\u043f\u0430\u0442\u0456\u0457<\/p><p class=\"has-text-align-center\">Kongresi Evropian i Naturopatis\u00eb<\/p><p class=\"has-text-align-center\">\u00a0<\/p><p class=\"has-text-align-center\">\u00a0<\/p>\t\t\t\t\t\t\t\t<\/div>\n\t\t\t\t<\/div>\n\t\t\t\t<\/div>\n\t\t<div class=\"elementor-element elementor-element-250323d e-con-full e-flex e-con e-child\" data-id=\"250323d\" data-element_type=\"container\">\n\t\t\t\t<div class=\"elementor-element elementor-element-677c929 elementor-widget elementor-widget-text-editor\" data-id=\"677c929\" data-element_type=\"widget\" data-widget_type=\"text-editor.default\">\n\t\t\t\t<div class=\"elementor-widget-container\">\n\t\t\t\t\t\t\t\t\t<p class=\"has-text-align-center\">Avropa Naturopatiya Konqresi<\/p><p class=\"has-text-align-center\">\u0415\u045e\u0440\u0430\u043f\u0435\u0439\u0441\u043a\u0456 K\u0430\u043d\u0433\u0440\u044d\u0441 H\u0430\u0442\u0443\u0440\u0430\u043f\u0430\u0442\u044b\u0456<\/p><p class=\"has-text-align-center\">\u10dc\u10d0\u10e2\u10e3\u10e0\u10dd\u10de\u10d0\u10d7\u10d8\u10d8\u10e1 \u10d4\u10d5\u10e0\u10dd\u10de\u10d8\u10e1\u00a0\u10d9\u10dd\u10dc\u10d2\u10e0\u10d4\u10e1\u10d8<\/p><p class=\"has-text-align-center\">Evr\u00f3pu\u00feing N\u00e1tt\u00farul\u00e6kninga<\/p><p>\u0532\u0576\u0561\u0562\u0561\u0576\u0578\u0582\u0569\u0575\u0561\u0576 \u0565\u057e\u0580\u0578\u057a\u0561\u056f\u0561\u0576 \u056f\u0578\u0576\u0563\u0580\u0565\u057d<\/p><p>\u0395\u03c5\u03c1\u03c9\u03c0\u03b1\u03ca\u03ba\u03cc \u03a3\u03c5\u03bd\u03ad\u03b4\u03c1\u03b9\u03bf \u03a6\u03c5\u03c3\u03b9\u03ba\u03bf\u03c0\u03b1\u03b8\u03b7\u03c4\u03b9\u03ba\u03ae\u03c2<\/p><p>Euroopa Loodusravi Kongress<\/p>\t\t\t\t\t\t\t\t<\/div>\n\t\t\t\t<\/div>\n\t\t\t\t<\/div>\n\t\t\t\t\t<\/div>\n\t\t\t\t<\/div>\n\t\t<div class=\"elementor-element elementor-element-cb51921 e-flex e-con-boxed e-con e-parent\" data-id=\"cb51921\" data-element_type=\"container\">\n\t\t\t\t\t<div class=\"e-con-inner\">\n\t\t\t\t<div class=\"elementor-element elementor-element-50170d7 elementor-widget elementor-widget-text-editor\" data-id=\"50170d7\" data-element_type=\"widget\" data-widget_type=\"text-editor.default\">\n\t\t\t\t<div class=\"elementor-widget-container\">\n\t\t\t\t\t\t\t\t\t<div class=\"wp-block-group is-layout-constrained wp-block-group-is-layout-constrained\"><p class=\"has-text-align-center\">\u00a0<\/p><\/div><p><strong>El Comit\u00e9 Europeo de la Profesi\u00f3n Naturop\u00e1tica es una entidad en la que se encuentran\u00a0 integradas por Organizaciones Profesionales de la Naturopat\u00eda Europea y miembros de la Federaci\u00f3n Mundial de Naturopat\u00eda WNF. Generamos Congresos Europeos para dar cohesi\u00f3n a la idea de Uni\u00f3n Profesional Naturop\u00e1tica en el espacio europeo.<\/strong><\/p><ul class=\"wp-block-list\"><li>Los Objetivos del IV Congreso Europeo de Naturopat\u00eda son los siguientes:<\/li><\/ul><p>El objetivo general es seguir reforzando los lazos de uni\u00f3n de la Profesi\u00f3n Naturop\u00e1tica en Europa, de los Profesionales Natur\u00f3patas y de las Organizaciones Profesionales de la Naturopat\u00eda, para continuar la puesta en com\u00fan de ideas, experiencias y propuestas relativas a la promoci\u00f3n y desarrollo de los Servicios Profesionales de Naturopat\u00eda en nuestros respectivos pa\u00edses.\u00a0Destacando la importancia del m\u00e9todo cient\u00edfico en su marco sociocultural en la investigaci\u00f3n y desarrollo de la Profesi\u00f3n Naturop\u00e1tica con sus herramientas basadas en el conocimiento y metodolog\u00eda cient\u00edfica con su referencial sociocultural y ecol\u00f3gico<\/p><ul class=\"wp-block-list\"><li>Y siendo los objetivos espec\u00edficos los siguientes:<\/li><\/ul><p>\u00b7 Contribuir al intercambio de informaci\u00f3n sobre programas, metodolog\u00edas y sistemas de capacitaci\u00f3n profesional Naturop\u00e1tica.<\/p><p>\u00b7 Facilitar la coordinaci\u00f3n de actividades Naturop\u00e1ticas tanto divulgativas como profesionales que sean de inter\u00e9s para la promoci\u00f3n y desarrollo de la Profesi\u00f3n Naturop\u00e1tica.\u00a0<\/p><p>\u00b7 Planificar actividades conjuntas en el \u00e1mbito, formativo y de investigaci\u00f3n y divulgaci\u00f3n cient\u00edfica de la Naturopat\u00eda, teniendo como \u00faltimo fin aumentar el nivel de calidad de vida de la poblaci\u00f3n.<\/p><p>\u00b7 Compartir criterios y opiniones sobre problemas y asuntos profesionales de inter\u00e9s com\u00fan y promover un amplio consenso para actuar ante los organismos europeos.<\/p><p>\u00b7 Impulsar la Profesi\u00f3n Naturop\u00e1tica y favorecer la adecuada atenci\u00f3n y protecci\u00f3n de los derechos de los Profesionales Natur\u00f3patas.<\/p><ul class=\"wp-block-list\"><li>En definitiva, propiciar un espacio profesional, cient\u00edfico, acad\u00e9mico y corporativo de intercambio permanente para comunicar, cooperar y buscar consenso sobre la pr\u00e1ctica profesional Naturop\u00e1tica y competencia profesional entre las Organizaciones Naturop\u00e1ticas Europeas. Con el objetivo de promover los m\u00e1s altos niveles de profesionalidad y profesionalismo, y la autonom\u00eda profesional de los Profesionales Natur\u00f3patas.<\/li><li>Para ello se debate sobre temas tan importantes como los aspectos legales y jur\u00eddicos del ejercicio profesional de la Naturopat\u00eda, la Formaci\u00f3n Naturop\u00e1tica, la investigaci\u00f3n Naturop\u00e1tica y la Historia de la Naturopat\u00eda. Durante las sesiones Europeas de Naturopat\u00eda se exponen aspectos tales como la colaboraci\u00f3n formativa, pedag\u00f3gica y docente de los Centros Formativos Naturop\u00e1ticos en los que se ponen de mani\ufb01esto las experiencias habidas, las oportunidades que se presentan, debati\u00e9ndose tambi\u00e9n sobre las tecnolog\u00edas Naturop\u00e1ticas y la colaboraci\u00f3n como aspectos clave para afrontar los retos de futuro de la Profesi\u00f3n Naturop\u00e1tica, as\u00ed como los aspectos fundamentales de la investigaci\u00f3n Naturop\u00e1tica: Ontolog\u00eda, Epistemolog\u00eda, Metodolog\u00eda, Tecnolog\u00eda, Praxiolog\u00eda y Axiolog\u00eda. Y como tema de singularidad profesional expondremos temas relacionados con la Historia de la Naturopat\u00eda Europea.<\/li><\/ul>\t\t\t\t\t\t\t\t<\/div>\n\t\t\t\t<\/div>\n\t\t\t\t\t<\/div>\n\t\t\t\t<\/div>\n\t\t\t\t<\/div>\n\t\t","protected":false},"excerpt":{"rendered":"<p>Congreso Europeo de Naturopat\u00eda Europ\u00e4ischer Kongress f\u00fcr Naturheilkunde European Naturopathy Congress Congr\u00e8s Europ\u00e9en de Naturopathie Congresso Europeo di Naturopatia Congresso [&hellip;]<\/p>\n","protected":false},"author":1,"featured_media":0,"parent":0,"menu_order":0,"comment_status":"closed","ping_status":"closed","template":"","meta":{"site-sidebar-layout":"default","site-content-layout":"","ast-site-content-layout":"","site-content-style":"default","site-sidebar-style":"default","ast-global-header-display":"","ast-banner-title-visibility":"","ast-main-header-display":"","ast-hfb-above-header-display":"","ast-hfb-below-header-display":"","ast-hfb-mobile-header-display":"","site-post-title":"","ast-breadcrumbs-content":"","ast-featured-img":"","footer-sml-layout":"","theme-transparent-header-meta":"","adv-header-id-meta":"","stick-header-meta":"","header-above-stick-meta":"","header-main-stick-meta":"","header-below-stick-meta":"","astra-migrate-meta-layouts":"default","ast-page-background-enabled":"default","ast-page-background-meta":{"desktop":{"background-color":"var(--ast-global-color-5)","background-image":"","background-repeat":"repeat","background-position":"center center","background-size":"auto","background-attachment":"scroll","background-type":"","background-media":"","overlay-type":"","overlay-color":"","overlay-opacity":"","overlay-gradient":""},"tablet":{"background-color":"","background-image":"","background-repeat":"repeat","background-position":"center center","background-size":"auto","background-attachment":"scroll","background-type":"","background-media":"","overlay-type":"","overlay-color":"","overlay-opacity":"","overlay-gradient":""},"mobile":{"background-color":"","background-image":"","background-repeat":"repeat","background-position":"center center","background-size":"auto","background-attachment":"scroll","background-type":"","background-media":"","overlay-type":"","overlay-color":"","overlay-opacity":"","overlay-gradient":""}},"ast-content-background-meta":{"desktop":{"background-color":"var(--ast-global-color-4)","background-image":"","background-repeat":"repeat","background-position":"center center","background-size":"auto","background-attachment":"scroll","background-type":"","background-media":"","overlay-type":"","overlay-color":"","overlay-opacity":"","overlay-gradient":""},"tablet":{"background-color":"var(--ast-global-color-4)","background-image":"","background-repeat":"repeat","background-position":"center center","background-size":"auto","background-attachment":"scroll","background-type":"","background-media":"","overlay-type":"","overlay-color":"","overlay-opacity":"","overlay-gradient":""},"mobile":{"background-color":"var(--ast-global-color-4)","background-image":"","background-repeat":"repeat","background-position":"center center","background-size":"auto","background-attachment":"scroll","background-type":"","background-media":"","overlay-type":"","overlay-color":"","overlay-opacity":"","overlay-gradient":""}},"footnotes":""},"class_list":["post-348","page","type-page","status-publish","hentry"],"_links":{"self":[{"href":"https:\/\/european-naturopathic-congress.com\/index.php\/wp-json\/wp\/v2\/pages\/348","targetHints":{"allow":["GET"]}}],"collection":[{"href":"https:\/\/european-naturopathic-congress.com\/index.php\/wp-json\/wp\/v2\/pages"}],"about":[{"href":"https:\/\/european-naturopathic-congress.com\/index.php\/wp-json\/wp\/v2\/types\/page"}],"author":[{"embeddable":true,"href":"https:\/\/european-naturopathic-congress.com\/index.php\/wp-json\/wp\/v2\/users\/1"}],"replies":[{"embeddable":true,"href":"https:\/\/european-naturopathic-congress.com\/index.php\/wp-json\/wp\/v2\/comments?post=348"}],"version-history":[{"count":29,"href":"https:\/\/european-naturopathic-congress.com\/index.php\/wp-json\/wp\/v2\/pages\/348\/revisions"}],"predecessor-version":[{"id":61455,"href":"https:\/\/european-naturopathic-congress.com\/index.php\/wp-json\/wp\/v2\/pages\/348\/revisions\/61455"}],"wp:attachment":[{"href":"https:\/\/european-naturopathic-congress.com\/index.php\/wp-json\/wp\/v2\/media?parent=348"}],"curies":[{"name":"wp","href":"https:\/\/api.w.org\/{rel}","templated":true}]}}