{"id":353,"date":"2022-12-02T12:58:04","date_gmt":"2022-12-02T12:58:04","guid":{"rendered":"https:\/\/european-naturopathic-congress.com\/?page_id=353"},"modified":"2025-05-12T15:18:11","modified_gmt":"2025-05-12T15:18:11","slug":"iv-european-naturopathic-congress","status":"publish","type":"page","link":"https:\/\/european-naturopathic-congress.com\/index.php\/congress\/congresos-europeos\/iv-european-naturopathic-congress\/","title":{"rendered":"Program IV European Naturopathic Symposium, April 1st &#8211; 2nd, 2023"},"content":{"rendered":"\n<figure class=\"wp-block-image size-large\"><img fetchpriority=\"high\" decoding=\"async\" width=\"1024\" height=\"751\" src=\"https:\/\/european-naturopathic-congress.com\/wp-content\/uploads\/2023\/02\/Ingles-1024x751.png\" alt=\"\" class=\"wp-image-362\" srcset=\"https:\/\/european-naturopathic-congress.com\/wp-content\/uploads\/2023\/02\/Ingles-1024x751.png 1024w, https:\/\/european-naturopathic-congress.com\/wp-content\/uploads\/2023\/02\/Ingles-300x220.png 300w, https:\/\/european-naturopathic-congress.com\/wp-content\/uploads\/2023\/02\/Ingles-768x563.png 768w, https:\/\/european-naturopathic-congress.com\/wp-content\/uploads\/2023\/02\/Ingles-1536x1127.png 1536w, https:\/\/european-naturopathic-congress.com\/wp-content\/uploads\/2023\/02\/Ingles-2048x1502.png 2048w\" sizes=\"(max-width: 1024px) 100vw, 1024px\" \/><\/figure>\n\n\n\n<figure class=\"wp-block-gallery has-nested-images columns-default is-cropped wp-block-gallery-1 is-layout-flex wp-block-gallery-is-layout-flex\">\n<figure class=\"wp-block-image size-large\"><img decoding=\"async\" width=\"1024\" height=\"751\" data-id=\"364\" src=\"https:\/\/european-naturopathic-congress.com\/wp-content\/uploads\/2023\/02\/Ruso-1024x751.png\" alt=\"\" class=\"wp-image-364\" srcset=\"https:\/\/european-naturopathic-congress.com\/wp-content\/uploads\/2023\/02\/Ruso-1024x751.png 1024w, https:\/\/european-naturopathic-congress.com\/wp-content\/uploads\/2023\/02\/Ruso-300x220.png 300w, https:\/\/european-naturopathic-congress.com\/wp-content\/uploads\/2023\/02\/Ruso-768x563.png 768w, https:\/\/european-naturopathic-congress.com\/wp-content\/uploads\/2023\/02\/Ruso-1536x1127.png 1536w, https:\/\/european-naturopathic-congress.com\/wp-content\/uploads\/2023\/02\/Ruso-2048x1502.png 2048w\" sizes=\"(max-width: 1024px) 100vw, 1024px\" \/><\/figure>\n\n\n\n<figure class=\"wp-block-image size-large\"><img decoding=\"async\" width=\"1024\" height=\"751\" data-id=\"363\" src=\"https:\/\/european-naturopathic-congress.com\/wp-content\/uploads\/2023\/02\/Portugues-1024x751.png\" alt=\"\" class=\"wp-image-363\" srcset=\"https:\/\/european-naturopathic-congress.com\/wp-content\/uploads\/2023\/02\/Portugues-1024x751.png 1024w, https:\/\/european-naturopathic-congress.com\/wp-content\/uploads\/2023\/02\/Portugues-300x220.png 300w, https:\/\/european-naturopathic-congress.com\/wp-content\/uploads\/2023\/02\/Portugues-768x563.png 768w, https:\/\/european-naturopathic-congress.com\/wp-content\/uploads\/2023\/02\/Portugues-1536x1127.png 1536w, https:\/\/european-naturopathic-congress.com\/wp-content\/uploads\/2023\/02\/Portugues-2048x1502.png 2048w\" sizes=\"(max-width: 1024px) 100vw, 1024px\" \/><\/figure>\n\n\n\n<figure class=\"wp-block-image size-large\"><img loading=\"lazy\" decoding=\"async\" width=\"1024\" height=\"724\" data-id=\"360\" src=\"https:\/\/european-naturopathic-congress.com\/wp-content\/uploads\/2023\/02\/Espanol-1024x724.png\" alt=\"\" class=\"wp-image-360\" srcset=\"https:\/\/european-naturopathic-congress.com\/wp-content\/uploads\/2023\/02\/Espanol-1024x724.png 1024w, https:\/\/european-naturopathic-congress.com\/wp-content\/uploads\/2023\/02\/Espanol-300x212.png 300w, https:\/\/european-naturopathic-congress.com\/wp-content\/uploads\/2023\/02\/Espanol-768x543.png 768w, https:\/\/european-naturopathic-congress.com\/wp-content\/uploads\/2023\/02\/Espanol-1536x1086.png 1536w, https:\/\/european-naturopathic-congress.com\/wp-content\/uploads\/2023\/02\/Espanol-2048x1449.png 2048w\" sizes=\"(max-width: 1024px) 100vw, 1024px\" \/><\/figure>\n\n\n\n<figure class=\"wp-block-image size-large\"><img loading=\"lazy\" decoding=\"async\" width=\"1024\" height=\"751\" data-id=\"361\" src=\"https:\/\/european-naturopathic-congress.com\/wp-content\/uploads\/2023\/02\/Frances-1024x751.png\" alt=\"\" class=\"wp-image-361\" srcset=\"https:\/\/european-naturopathic-congress.com\/wp-content\/uploads\/2023\/02\/Frances-1024x751.png 1024w, https:\/\/european-naturopathic-congress.com\/wp-content\/uploads\/2023\/02\/Frances-300x220.png 300w, https:\/\/european-naturopathic-congress.com\/wp-content\/uploads\/2023\/02\/Frances-768x563.png 768w, https:\/\/european-naturopathic-congress.com\/wp-content\/uploads\/2023\/02\/Frances-1536x1127.png 1536w, https:\/\/european-naturopathic-congress.com\/wp-content\/uploads\/2023\/02\/Frances-2048x1502.png 2048w\" sizes=\"(max-width: 1024px) 100vw, 1024px\" \/><\/figure>\n<\/figure>\n\n\n\n<h2 class=\"wp-block-heading\">APRIL 1st<\/h2>\n\n\n\n<p>1.  10:00&nbsp; \ud83d\udd35 <strong>Welcome and Opening \/ <\/strong><strong>Bienvenida<\/strong><strong> y <\/strong><strong>Inauguraci\u00f3n<\/strong><\/p>\n\n\n\n<p>2. 10:30&nbsp; &nbsp;\ud83c\udde8\ud83c\udde6 <strong>Dr Iva Lloyd, <\/strong>Naturopathic Doctor. President World Naturopathic Federation WNF.<em> <\/em><br><em>What Lies Ahead for the Naturopathic Profession.<\/em><\/p>\n\n\n\n<p>3. 11:00 &nbsp; \ud83c\uddea\ud83c\uddf8 <strong>Manuel Navarro, <\/strong>Naturopath. President OCN FENACO Spain, No.Colegiado FENACO<strong>\u00ae<\/strong> 60. <br><em>History of Naturopathy: The Naturopathic Criterion&nbsp; in the Scholastism. Regula Vitae.<\/em><\/p>\n\n\n\n<p>4. 12:00&nbsp; \ud83c\uddeb\ud83c\uddf7 <strong>Jer\u00f4me Poiraud, <\/strong>Naturopath, President OMNES France &amp; <strong>Benjamin Dupuis, <\/strong>Naturopath, Director OMNES France<br><em>Education Opens the Door for Regulation.<\/em><\/p>\n\n\n\n<p>5. 12:30&nbsp; \ud83c\uddea\ud83c\uddf8 <strong>Tina Hausser<\/strong>, HP, NatDipl. Vice President International Relations OCN FENACO Spain, No.Colegiado FENACO<strong>\u00ae<\/strong> 2563. <br><em>History and Legal Frame of Naturopathy in Spain.<\/em><\/p>\n\n\n\n<p>6. 13:00&nbsp;<em>&nbsp;<\/em>\ud83c\uddee\ud83c\uddf9 <strong>Silvia <\/strong><strong>Polesello<\/strong><strong>, <\/strong>Naturopath. President Istituto NeMI Italy.<br><em>Naturopathic Education in Italy. &nbsp;<\/em><\/p>\n\n\n\n<p>7. 13:30&nbsp; \ud83c\uddee\ud83c\uddea <strong>Marian Mulligan, <\/strong>Naturopath. President IINM and Sphenoid Ireland CLG.<br><em>Integrated Naturopathy in the Treatment of Violence.<\/em><\/p>\n\n\n\n<p><strong>14:00-16:00 Lunch Break<\/strong>&nbsp;<\/p>\n\n\n\n<p>8. 16:00&nbsp; <em>\ud83c\uddf5\ud83c\uddf9 <\/em><strong>Jos\u00e9 Maria Amaral, <\/strong>Naturopath. OCN FENACO Delegate in Portugal. No.Colegiado FENACO<strong>\u00ae<\/strong> 3754. <br><em>Naturopathic Approach to Fertility.<\/em><\/p>\n\n\n\n<p>9. 16:30&nbsp; \ud83c\uddeb\ud83c\uddf7 <strong>Daniel Kieffer<\/strong>, Naturopath. Founder CENATHO &amp; <strong>Aude V\u00e9ret<\/strong>, Naturopath. Director CENATHO. <br><em>Naturopathic History, Research and Legal Frame in Europe.<\/em> <\/p>\n\n\n\n<p>10. 17:00  \ud83c\udde8\ud83c\udded <strong>Anne GIMALAC<\/strong>, MSc MBA, Head of Navi, Research in Integrative Health, Switzerland.<br><em>Building Naturopathic Research Capacities in Switzerland : Opportunities &amp; Challenges<\/em><\/p>\n\n\n\n<p>11. 17:30<em>&nbsp; \ud83c\uddf5\ud83c\uddf9 <\/em><strong>Ana Sof\u00eda Silva, <\/strong>Naturopath. <br><em>Naturopathic Tools Used in Mental Health.<\/em><\/p>\n\n\n\n<p>12. 18:00 &nbsp;\ud83c\uddea\ud83c\uddf8 <strong>Esperanza Molina, <\/strong>Naturopath. President Naturopathic council Melilla, OCN FENACO. No.Colegiado FENACO<strong>\u00ae<\/strong> 2767. <\/p>\n\n\n\n<p><em>Naturopathic Research on Intestinal Permeability and Microbiota.<\/em><\/p>\n\n\n\n<p>13.  18:30 \ud83c\uddf8\ud83c\uddee <strong>Erika Brajnik<\/strong>, Naturopath. President Slovenian Naturopathic Association. <br><em>Naturopathy in Slovenia. <\/em><\/p>\n\n\n\n<p>14. 19:00  \ud83c\uddea\ud83c\uddf8 <strong>Alfredo Abascal<\/strong>, Naturopath. CEO of OCN FENACO, No. Colegiado FENACO<strong>\u00ae<\/strong> 2724.<br><em>Naturopathic Approach for optimal excretory and circulatory function<\/em><\/p>\n\n\n\n<p class=\"ccs\">15. 19:30  \ud83c\udde6\ud83c\uddf1  <strong>Arben Gjoni<\/strong>, Naturopath, Albania<br><em>Naturopathic Approach to Autism<\/em> <\/p>\n\n\n\n<p>16.  20:00 <em>\ud83c\uddf5\ud83c\uddf9<\/em>  <strong>M\u00e1rcia Muniz<\/strong>, Naturopath. (APORTH)<br><em>The importance of behavioral and mental flexibility for the Naturopath<\/em> <\/p>\n\n\n\n<h2 class=\"wp-block-heading\">APRIL 2nd <\/h2>\n\n\n\n<p>17.  10:00  \ud83c\uddf2\ud83c\uddfd  <strong>Oscar de la Fuente Mel\u00e9ndez<\/strong>, Naturopath. Lic. Universidad Aut\u00f3noma de Tlaxcala. (Mexico) <br><em>Abordaje de PX con Diabetes Mellitus tipo II desde la perspectiva Naturop\u00e1tica<\/em><\/p>\n\n\n\n<p>18.  10:30 \ud83c\udde6\ud83c\uddf7  <strong>Julieta Noceti<\/strong>, Naturopath Argentina<br><em>The origin of Naturopathy in Hispanic America<\/em><\/p>\n\n\n\n<p>19.   11:00 \ud83c\udde8\ud83c\uddf1 <strong>Abed Burgos, <\/strong>Naturopath. ONG Natur\u00f3patas para Chile.<br><em>Naturopathic study of the interaction of drugs with food.<\/em><\/p>\n\n\n\n<p>20.  11:30 \ud83c\uddea\ud83c\uddf8  <strong>Noelia Conde<\/strong>, Naturopath. No. Colegiado FENACO<strong>\u00ae<\/strong> 3741. President Naturopathic Council Galicia<br><em>Naturopathic Approach to intestinal inflammations<\/em> <\/p>\n\n\n\n<p>21.  12:00 \ud83c\uddf7\ud83c\uddfa <strong>Alexander Zimin<\/strong>, Naturopath. Russian Scientific Association of Clinical Naturopathy and Phytotherapy <br><em>Herbal Naturopathy as promising sources for de creation of new bioactive supplements  <\/em><\/p>\n\n\n\n<p>22.  12:30 \ud83c\uddf8\ud83c\uddee <strong>Magda Rogelja, <\/strong>Naturopath Slovenia<br><em>Herbal Remedies and Naturopathy<\/em><\/p>\n\n\n\n<p>23.   13:00 \ud83c\uddea\ud83c\uddf8 <strong>Elena Portillo<\/strong>, Naturopath, No.Colegiado FENACO<strong>\u00ae<\/strong> 3720<br><em>Naturopathic study<\/em> <em>in health problems in diagnostic labels of intestinal inflammation and multiple sclerosis<\/em><\/p>\n\n\n\n<p>24.   13:30 \ud83c\uddec\ud83c\udde7  <strong>Roger Newman Turner<\/strong>, Naturopath<br><em>History of Naturopathy in UK<\/em><\/p>\n\n\n\n<p>25.   14:00 \ud83c\udded\ud83c\uddf7  <strong>Petra Hranilovi\u0107<\/strong>, Naturopath, Croatia <br><em>Naturopathy in Croatia<\/em><\/p>\n\n\n\n<p><strong>14:00-16:00 Lunch Break<\/strong><\/p>\n\n\n\n<p>26.   16:00    <em>\ud83c\uddf5\ud83c\uddf9<\/em> <strong>Tania Mendes<\/strong>,  Naturopath<br><em>Naturopathic reserarch on fascia in te role of anatomical integrity<\/em><\/p>\n\n\n\n<p>27.   16:30  \ud83c\udde7\ud83c\uddef  <strong>Agbahoungba Fernand Nathan<\/strong>, Naturopath, Republic of Benin (Africa)<br><em>Treatment of rheumatism in Benin: Naturopatic approach<\/em><\/p>\n\n\n\n<p>28.   17:00 \ud83c\uddea\ud83c\uddf8 <strong>Mar\u00eda Jos\u00e9 Sala<\/strong>, Naturopath, Vicepresidenta de Formaci\u00f3n, Investigaci\u00f3n y Did\u00e1ctica. <br><em>Evidence-Based Reserach in Naturopathy<\/em><\/p>\n\n\n\n<p>29.   17:30 \ud83c\uddea\ud83c\uddf8 <strong>Roc\u00edo Mart\u00edn,<\/strong> Naturopath, No.Colegiado FENACO<strong>\u00ae<\/strong> 3756<br><em>Ergasic Osteodance, dance to balance muscle chains<\/em><\/p>\n\n\n\n<p>30.  18:00  \ud83c\uddfa\ud83c\uddfe <strong>Elizabeth Constela, <\/strong>Naturopath of ANTHU, Uruguay<br><em>What is and what maguey offers us as a Naturopathic technique?<\/em><\/p>\n\n\n\n<p>31. 18:30  \ud83c\uddea\ud83c\uddf8  <strong>Florencia Sabio,<\/strong> Naturopath, vocal of Doula of OCN FENACO<br><em>The Doula as a Naturopathic tool<\/em><\/p>\n\n\n\n<p>32. 19:00 \ud83c\uddec\ud83c\uddf7  <strong>NiKolaos<\/strong>, greece Naturopath<\/p>\n\n\n\n<p>33. 19:30  \ud83c\uddeb\ud83c\uddf7 <strong>OMNES France, Cecile Conn<\/strong> <strong>&amp; Yamina Betend (VP OMNES) &amp; Maite Diharce<\/strong>, Naturopaths<br><em>Update Research Committee, Solidarity and Social Committee, Delegations in OMNES<\/em><\/p>\n\n\n\n<p>34. 20:00 \ud83c\uddfb\ud83c\uddea <strong>Alexis Adarfio<\/strong>, Naturopath  ASOVENAT (Venezuela)<br><em>Naturopathy for the elderly is the law in Venezuela<\/em> <\/p>\n\n\n\n<p>35. 20:30 \ud83c\udf0d  <strong>Panel Discussion <\/strong><br><em>European Region: Embracing History and Research &#8211; How to Meet the Needs<\/em><\/p>\n\n\n\n<p><\/p>\n","protected":false},"excerpt":{"rendered":"<p>APRIL 1st 1. 10:00&nbsp; \ud83d\udd35 Welcome and Opening \/ Bienvenida y Inauguraci\u00f3n 2. 10:30&nbsp; &nbsp;\ud83c\udde8\ud83c\udde6 Dr Iva Lloyd, Naturopathic Doctor. [&hellip;]<\/p>\n","protected":false},"author":1,"featured_media":360,"parent":60779,"menu_order":0,"comment_status":"closed","ping_status":"closed","template":"","meta":{"site-sidebar-layout":"default","site-content-layout":"","ast-site-content-layout":"","site-content-style":"default","site-sidebar-style":"default","ast-global-header-display":"","ast-banner-title-visibility":"","ast-main-header-display":"","ast-hfb-above-header-display":"","ast-hfb-below-header-display":"","ast-hfb-mobile-header-display":"","site-post-title":"","ast-breadcrumbs-content":"","ast-featured-img":"","footer-sml-layout":"","theme-transparent-header-meta":"","adv-header-id-meta":"","stick-header-meta":"","header-above-stick-meta":"","header-main-stick-meta":"","header-below-stick-meta":"","astra-migrate-meta-layouts":"default","ast-page-background-enabled":"default","ast-page-background-meta":{"desktop":{"background-color":"var(--ast-global-color-5)","background-image":"","background-repeat":"repeat","background-position":"center center","background-size":"auto","background-attachment":"scroll","background-type":"","background-media":"","overlay-type":"","overlay-color":"","overlay-opacity":"","overlay-gradient":""},"tablet":{"background-color":"","background-image":"","background-repeat":"repeat","background-position":"center center","background-size":"auto","background-attachment":"scroll","background-type":"","background-media":"","overlay-type":"","overlay-color":"","overlay-opacity":"","overlay-gradient":""},"mobile":{"background-color":"","background-image":"","background-repeat":"repeat","background-position":"center center","background-size":"auto","background-attachment":"scroll","background-type":"","background-media":"","overlay-type":"","overlay-color":"","overlay-opacity":"","overlay-gradient":""}},"ast-content-background-meta":{"desktop":{"background-color":"var(--ast-global-color-4)","background-image":"","background-repeat":"repeat","background-position":"center center","background-size":"auto","background-attachment":"scroll","background-type":"","background-media":"","overlay-type":"","overlay-color":"","overlay-opacity":"","overlay-gradient":""},"tablet":{"background-color":"var(--ast-global-color-4)","background-image":"","background-repeat":"repeat","background-position":"center center","background-size":"auto","background-attachment":"scroll","background-type":"","background-media":"","overlay-type":"","overlay-color":"","overlay-opacity":"","overlay-gradient":""},"mobile":{"background-color":"var(--ast-global-color-4)","background-image":"","background-repeat":"repeat","background-position":"center center","background-size":"auto","background-attachment":"scroll","background-type":"","background-media":"","overlay-type":"","overlay-color":"","overlay-opacity":"","overlay-gradient":""}},"footnotes":""},"class_list":["post-353","page","type-page","status-publish","has-post-thumbnail","hentry"],"_links":{"self":[{"href":"https:\/\/european-naturopathic-congress.com\/index.php\/wp-json\/wp\/v2\/pages\/353","targetHints":{"allow":["GET"]}}],"collection":[{"href":"https:\/\/european-naturopathic-congress.com\/index.php\/wp-json\/wp\/v2\/pages"}],"about":[{"href":"https:\/\/european-naturopathic-congress.com\/index.php\/wp-json\/wp\/v2\/types\/page"}],"author":[{"embeddable":true,"href":"https:\/\/european-naturopathic-congress.com\/index.php\/wp-json\/wp\/v2\/users\/1"}],"replies":[{"embeddable":true,"href":"https:\/\/european-naturopathic-congress.com\/index.php\/wp-json\/wp\/v2\/comments?post=353"}],"version-history":[{"count":162,"href":"https:\/\/european-naturopathic-congress.com\/index.php\/wp-json\/wp\/v2\/pages\/353\/revisions"}],"predecessor-version":[{"id":642,"href":"https:\/\/european-naturopathic-congress.com\/index.php\/wp-json\/wp\/v2\/pages\/353\/revisions\/642"}],"up":[{"embeddable":true,"href":"https:\/\/european-naturopathic-congress.com\/index.php\/wp-json\/wp\/v2\/pages\/60779"}],"wp:featuredmedia":[{"embeddable":true,"href":"https:\/\/european-naturopathic-congress.com\/index.php\/wp-json\/wp\/v2\/media\/360"}],"wp:attachment":[{"href":"https:\/\/european-naturopathic-congress.com\/index.php\/wp-json\/wp\/v2\/media?parent=353"}],"curies":[{"name":"wp","href":"https:\/\/api.w.org\/{rel}","templated":true}]}}